{"id":16304,"date":"2022-07-18T18:53:25","date_gmt":"2022-07-18T16:53:25","guid":{"rendered":"https:\/\/www.judo-club-linden.de\/?page_id=16304"},"modified":"2025-02-09T15:55:15","modified_gmt":"2025-02-09T14:55:15","slug":"trainingszeiten2","status":"publish","type":"page","link":"https:\/\/www.judo-club-linden.de\/?page_id=16304","title":{"rendered":"Trainingszeiten"},"content":{"rendered":"\n<figure class=\"wp-block-table is-style-regular\"><table class=\"has-white-background-color has-background has-fixed-layout\"><thead><tr><th class=\"has-text-align-center\" data-align=\"center\">Montag<\/th><th class=\"has-text-align-center\" data-align=\"center\">Dienstag<\/th><th class=\"has-text-align-center\" data-align=\"center\">Mittwoch<\/th><th class=\"has-text-align-center\" data-align=\"center\">Donnerstag<\/th><th class=\"has-text-align-center\" data-align=\"center\">Freitag<\/th><\/tr><\/thead><tbody><tr><td class=\"has-text-align-center\" data-align=\"center\">17:00-18:30 Uhr<br><br><strong>Gruppe II<\/strong><br><br>Klaas &amp; Max <br><br><\/td><td class=\"has-text-align-center\" data-align=\"center\"><\/td><td class=\"has-text-align-center\" data-align=\"center\">17:00-18:30 Uhr<br><br><strong>Gruppe II<\/strong><br><br>Alex, Moritz &amp; Max<\/td><td class=\"has-text-align-center\" data-align=\"center\">17:00-18:30 Uhr<br><br><strong>Gruppe I<\/strong><br><br>Jonas, Lena &amp; Joanna, Oscar<\/td><td class=\"has-text-align-center\" data-align=\"center\">15:45-17:00 Uhr<br><br><strong>KinderJudoTurnen<\/strong><br><br>Nick<br><\/td><\/tr><tr><td class=\"has-text-align-center\" data-align=\"center\">18:30-20:00 Uhr<br><br><strong>Gruppe III<\/strong><br><br>Klaas &amp; Max<br><\/td><td class=\"has-text-align-center\" data-align=\"center\"><\/td><td class=\"has-text-align-center\" data-align=\"center\">18:30-20:00 Uhr<br><br><strong>Gruppe III<\/strong><br><br>Hannes &amp; Max<br><\/td><td class=\"has-text-align-center\" data-align=\"center\"><\/td><td class=\"has-text-align-center\" data-align=\"center\"><\/td><\/tr><tr><td class=\"has-text-align-center\" data-align=\"center\"><br><\/td><td class=\"has-text-align-center\" data-align=\"center\"><br><\/td><td class=\"has-text-align-center\" data-align=\"center\"><br><br><br><br><br><\/td><td class=\"has-text-align-center\" data-align=\"center\"><br><\/td><td class=\"has-text-align-center\" data-align=\"center\"><\/td><\/tr><\/tbody><\/table><\/figure>\n\n\n\n<div style=\"height:15px\" aria-hidden=\"true\" class=\"wp-block-spacer\"><\/div>\n\n\n\n<img decoding=\"async\" src=\"https:\/\/www.judo-club-linden.de\/wp-content\/uploads\/2022\/07\/Gruppen.jpg\">\n\n\n\n<div style=\"height:15px\" aria-hidden=\"true\" class=\"wp-block-spacer\"><\/div>\n\n\n\n<p class=\"has-text-align-center\">Bei den angegebenen G\u00fcrtelstufen und dem Alter handelt es sich lediglich um Richtwerte, die individuell nach Absprache unterschiedlich sein k\u00f6nnen. Wir ber\u00fccksichtigen bei der zu dir passenden Gruppe dein Alter, deine Gr\u00f6\u00dfe, deine Vorerfahrungen und nat\u00fcrlich deinen Wunsch!<\/p>\n","protected":false},"excerpt":{"rendered":"<p>Montag Dienstag Mittwoch Donnerstag Freitag 17:00-18:30 Uhr Gruppe II Klaas &amp; Max 17:00-18:30 Uhr Gruppe II Alex, Moritz &amp; Max 17:00-18:30 Uhr Gruppe I Jonas, Lena &amp; Joanna, Oscar 15:45-17:00 [&hellip;]<\/p>\n","protected":false},"author":7,"featured_media":0,"parent":0,"menu_order":0,"comment_status":"closed","ping_status":"closed","template":"","meta":{"footnotes":""},"class_list":["post-16304","page","type-page","status-publish","hentry"],"_links":{"self":[{"href":"https:\/\/www.judo-club-linden.de\/index.php?rest_route=\/wp\/v2\/pages\/16304","targetHints":{"allow":["GET"]}}],"collection":[{"href":"https:\/\/www.judo-club-linden.de\/index.php?rest_route=\/wp\/v2\/pages"}],"about":[{"href":"https:\/\/www.judo-club-linden.de\/index.php?rest_route=\/wp\/v2\/types\/page"}],"author":[{"embeddable":true,"href":"https:\/\/www.judo-club-linden.de\/index.php?rest_route=\/wp\/v2\/users\/7"}],"replies":[{"embeddable":true,"href":"https:\/\/www.judo-club-linden.de\/index.php?rest_route=%2Fwp%2Fv2%2Fcomments&post=16304"}],"version-history":[{"count":36,"href":"https:\/\/www.judo-club-linden.de\/index.php?rest_route=\/wp\/v2\/pages\/16304\/revisions"}],"predecessor-version":[{"id":17180,"href":"https:\/\/www.judo-club-linden.de\/index.php?rest_route=\/wp\/v2\/pages\/16304\/revisions\/17180"}],"wp:attachment":[{"href":"https:\/\/www.judo-club-linden.de\/index.php?rest_route=%2Fwp%2Fv2%2Fmedia&parent=16304"}],"curies":[{"name":"wp","href":"https:\/\/api.w.org\/{rel}","templated":true}]}}