{"id":17182,"date":"2025-02-11T21:23:53","date_gmt":"2025-02-11T20:23:53","guid":{"rendered":"https:\/\/www.judo-club-linden.de\/?page_id=17182"},"modified":"2025-02-11T21:23:53","modified_gmt":"2025-02-11T20:23:53","slug":"kinderjudoturnen","status":"publish","type":"page","link":"https:\/\/www.judo-club-linden.de\/?page_id=17182","title":{"rendered":"KinderJudoTurnen"},"content":{"rendered":"\n<p>Freitags von 15.45 bis 17.00 Uhr startet unsere Kinderturngruppe in Linden f\u00fcr <strong>zwei bis sechsj\u00e4hrige Zwerge<\/strong> in der kleinen Turnhalle der Albert-Schweitzer Schule.<\/p>\n\n\n\n<figure class=\"wp-block-image size-full is-resized\"><img loading=\"lazy\" decoding=\"async\" width=\"960\" height=\"720\" src=\"https:\/\/www.judo-club-linden.de\/wp-content\/uploads\/2024\/11\/IMG-20241109-WA0021.jpg\" alt=\"\" class=\"wp-image-17081\" style=\"width:489px;height:auto\" srcset=\"https:\/\/www.judo-club-linden.de\/wp-content\/uploads\/2024\/11\/IMG-20241109-WA0021.jpg 960w, https:\/\/www.judo-club-linden.de\/wp-content\/uploads\/2024\/11\/IMG-20241109-WA0021-300x225.jpg 300w, https:\/\/www.judo-club-linden.de\/wp-content\/uploads\/2024\/11\/IMG-20241109-WA0021-768x576.jpg 768w\" sizes=\"auto, (max-width: 960px) 100vw, 960px\" \/><\/figure>\n\n\n\n<div style=\"height:10px\" aria-hidden=\"true\" class=\"wp-block-spacer\"><\/div>\n\n\n\n<p><strong>Eure Kinder<\/strong> erwartet beim Kinderturnen jede Woche ein spannender Kletterparkours, verschiedene kleine Ballangebote und eine Judokuschelraufmatte. Hierbei erkunden eure Kinder spielerisch, frei und angeleitet ihr Gleichgewicht, sich selbst, das Miteinander und Bewegungen aller Art. F\u00fcr die Eltern gibt es einen Faszienrollbereich, der &#8222;entspannende&#8220; Momente bieten kann. <br><strong>Die Anwesenheit einer Aufsichtsperson ist verpflichtend!<\/strong><\/p>\n\n\n\n<figure class=\"wp-block-image size-full is-resized\"><img loading=\"lazy\" decoding=\"async\" width=\"720\" height=\"960\" src=\"https:\/\/www.judo-club-linden.de\/wp-content\/uploads\/2024\/11\/IMG-20241109-WA0020.jpg\" alt=\"\" class=\"wp-image-17082\" style=\"width:482px;height:auto\" srcset=\"https:\/\/www.judo-club-linden.de\/wp-content\/uploads\/2024\/11\/IMG-20241109-WA0020.jpg 720w, https:\/\/www.judo-club-linden.de\/wp-content\/uploads\/2024\/11\/IMG-20241109-WA0020-225x300.jpg 225w\" sizes=\"auto, (max-width: 720px) 100vw, 720px\" \/><\/figure>\n\n\n\n<div style=\"height:18px\" aria-hidden=\"true\" class=\"wp-block-spacer\"><\/div>\n\n\n\n<p>Die Leitung erfolgt durch mich, <strong>Nick Dreyhaupt<\/strong>. Ich bin haupt- und nebenberuflich Papa von Luan (4) und Fjolla (1), Sport- und Spanischlehrer der IGS Badenstedt, Athletiktrainer bei Hannover 78, Kampfsportler in Elternzeit und Bewegungsexperte in allem au\u00dfer Tischtennis.<\/p>\n\n\n\n<p>Mit dem Kinderturnen m\u00f6chten wir gerne ein einladendes Bewegungsangebot f\u00fcr Kleinkinder schaffen und laden Interessierte ein, Teil des Judo-Club Lindens zu werden.<\/p>\n\n\n\n<div style=\"height:18px\" aria-hidden=\"true\" class=\"wp-block-spacer\"><\/div>\n\n\n\n<p>Ein kostenloses Schnuppern beim Kinderturnen ist einmalig m\u00f6glich, anschlie\u00dfend bel\u00e4uft sich der <strong>monatliche Beitrag auf 12,00 \u20ac<\/strong> <a href=\"https:\/\/www.judo-club-linden.de\/?page_id=99\">(Mitgliedsbeitr\u00e4ge)<\/a>. Ein Eintritt in den Judo-Club Linden e.V. ist f\u00fcr eine regelm\u00e4\u00dfige Teilnahme verpflichtend.<\/p>\n\n\n\n<div style=\"height:18px\" aria-hidden=\"true\" class=\"wp-block-spacer\"><\/div>\n\n\n\n<p>Bei R\u00fcckfragen wendet euch bitte an mich, Nick: <strong><a href=\"mailto:nick@judo-club-linden.de\">nick@judo-club-linden.de<\/a><\/strong> oder ihr benutzt das <a href=\"https:\/\/www.judo-club-linden.de\/?page_id=2031\"><strong>Kontaktformular<\/strong><\/a>.<\/p>\n\n\n\n<div style=\"height:18px\" aria-hidden=\"true\" class=\"wp-block-spacer\"><\/div>\n\n\n\n<div class=\"wp-block-group is-nowrap is-layout-flex wp-container-core-group-is-layout-ad2f72ca wp-block-group-is-layout-flex\">\n<p>Hier gehts zum: <\/p>\n\n\n\n<div class=\"wp-block-columns is-layout-flex wp-container-core-columns-is-layout-9d6595d7 wp-block-columns-is-layout-flex\">\n<div class=\"wp-block-column is-layout-flow wp-block-column-is-layout-flow\" style=\"flex-basis:100%\">\n<div class=\"wp-block-buttons is-layout-flex wp-block-buttons-is-layout-flex\">\n<div class=\"wp-block-button\"><a class=\"wp-block-button__link wp-element-button\" href=\"https:\/\/form.jotform.com\/210605178781356\"><strong>Online-Aufnahmeantrag<\/strong><\/a><\/div>\n<\/div>\n<\/div>\n<\/div>\n<\/div>\n\n\n\n<div style=\"height:20px\" aria-hidden=\"true\" class=\"wp-block-spacer\"><\/div>\n\n\n\n<p>Viel Spa\u00df beim KinderJudoTurnen und ich freue mich auf euch!<\/p>\n\n\n\n<p>Euer Nick<\/p>\n","protected":false},"excerpt":{"rendered":"<p>Freitags von 15.45 bis 17.00 Uhr startet unsere Kinderturngruppe in Linden f\u00fcr zwei bis sechsj\u00e4hrige Zwerge in der kleinen Turnhalle der Albert-Schweitzer Schule. Eure Kinder erwartet beim Kinderturnen jede Woche [&hellip;]<\/p>\n","protected":false},"author":7,"featured_media":17050,"parent":0,"menu_order":0,"comment_status":"closed","ping_status":"closed","template":"","meta":{"footnotes":""},"class_list":["post-17182","page","type-page","status-publish","has-post-thumbnail","hentry"],"_links":{"self":[{"href":"https:\/\/www.judo-club-linden.de\/index.php?rest_route=\/wp\/v2\/pages\/17182","targetHints":{"allow":["GET"]}}],"collection":[{"href":"https:\/\/www.judo-club-linden.de\/index.php?rest_route=\/wp\/v2\/pages"}],"about":[{"href":"https:\/\/www.judo-club-linden.de\/index.php?rest_route=\/wp\/v2\/types\/page"}],"author":[{"embeddable":true,"href":"https:\/\/www.judo-club-linden.de\/index.php?rest_route=\/wp\/v2\/users\/7"}],"replies":[{"embeddable":true,"href":"https:\/\/www.judo-club-linden.de\/index.php?rest_route=%2Fwp%2Fv2%2Fcomments&post=17182"}],"version-history":[{"count":1,"href":"https:\/\/www.judo-club-linden.de\/index.php?rest_route=\/wp\/v2\/pages\/17182\/revisions"}],"predecessor-version":[{"id":17183,"href":"https:\/\/www.judo-club-linden.de\/index.php?rest_route=\/wp\/v2\/pages\/17182\/revisions\/17183"}],"wp:featuredmedia":[{"embeddable":true,"href":"https:\/\/www.judo-club-linden.de\/index.php?rest_route=\/wp\/v2\/media\/17050"}],"wp:attachment":[{"href":"https:\/\/www.judo-club-linden.de\/index.php?rest_route=%2Fwp%2Fv2%2Fmedia&parent=17182"}],"curies":[{"name":"wp","href":"https:\/\/api.w.org\/{rel}","templated":true}]}}