{"id":64,"date":"2018-12-22T14:12:15","date_gmt":"2018-12-22T14:12:15","guid":{"rendered":"http:\/\/wp.judo-club-linden.de\/?page_id=64"},"modified":"2018-12-30T14:06:40","modified_gmt":"2018-12-30T14:06:40","slug":"geschichte","status":"publish","type":"page","link":"https:\/\/www.judo-club-linden.de\/?page_id=64","title":{"rendered":"Geschichte"},"content":{"rendered":"\n<p>Der heutige Judo-Club Linden e.V. ist aus einer Judo-Abteilung des TB St\u00f6cken hervorgegangen. Die Judoka, die damals in Linden wohnten, wollten auch dort eine Judo-Abteilung gr\u00fcnden. Durch eine gro\u00dfe Werbekampagne wurden die ersten Mitglieder gewonnen und die Abteilung Linden entwickelte sich sehr gut. Die Mitgliedsbeitr\u00e4ge mussten an den Hauptverein gezahlt werden, der aber kein Geld zur Verf\u00fcgung stellte, um die dringend ben\u00f6tigten Matten und Unterrichtsmaterialien beschaffen zu k\u00f6nnen. Das f\u00fchrte dazu, dass die Lindener Abteilung sich selbst\u00e4ndig machte. Auf der Jahreshauptversammlung am 02. November 1962 wurde der Vereinsname in &#8222;Judo-Club Linden e.V.&#8220; ge\u00e4ndert, eine Satzung erarbeitet, beim Amtsgericht eingereicht und der Verein im Vereinsregister eingetragen. Das war die amtliche Geburtsstunde des Judo-Club Linden e.V.<\/p>\n\n\n\n<p>Anfang der 70er Jahre kam Trimmen gro\u00df in Mode. So entstand f\u00fcr die Eltern unserer jugendlichen Judoka eine Abteilung, in der sie Gelegenheit hatten, sich mit Ballspielen und Gymnastik k\u00f6rperlich fit zu halten. \u00dcber all die Jahre lag die Mitgliederzahl dieser Sparte bei durchschnittlich 20 Teilnehmern.<\/p>\n\n\n\n<p>In den letzten Jahren bewegt sich der Mitgliederstand des gesamten Vereins um etwa 150 Mitglieder. Die 7-10j\u00e4hrigen stellen die st\u00e4rkste Gruppe im Verein. F\u00fcr die 13-18j\u00e4hrigen entstand 1999 die Leistungsgruppe.<\/p>\n\n\n\n<p>Der wohl prominenteste Judoka des Vereins war Frank Wieneke, der Olympiasieger von 1984 und heutiger Bundestrainer. Doch auch andere Judoka konnten beachtliche Erfolge nachweisen. Erst 2000 wurde Oliver Dumr\u00f6se Norddeutscher-Vizemeister in der Altersklasse U15, Hannes Meischner erreichte 2003 einen dritten Platz auf der Norddeutschen Meisterschaft in Bremen. 2005 wurde er 7. auf der Deutschen Einzelmeisterschaft in Naumburg.<\/p>\n\n\n\n<p>Doch nicht nur Sport geh\u00f6rt zum Judo-Club Linden e.V. Auch die Geselligkeit sowie die kameradschaftlichen und freundschaftlichen Beziehungen untereinander und zu anderen Sportvereinen werden gef\u00f6rdert und gepflegt. Zu den obligatorischen Veranstaltungen jedes Jahres geh\u00f6ren die Grillparty vor den Sommerferien, das Kegeln, Schiessen und Gr\u00fcnkohlessen im November, die Vereinsmeisterschaft und nat\u00fcrlich auch die Weihnachtsfeiern. Liebe Traditionen sind inzwischen auch die Freizeiten in Otterndorf oder Kirchheim, das Abschlusswochenende im Dezember in den Wennigser Finnh\u00fctten oder ein Judo-Wochenende mit einem befreundeten Verein auf der Wewelsburg geworden.<\/p>\n","protected":false},"excerpt":{"rendered":"<p>Der heutige Judo-Club Linden e.V. ist aus einer Judo-Abteilung des TB St\u00f6cken hervorgegangen. Die Judoka, die damals in Linden wohnten, wollten auch dort eine Judo-Abteilung gr\u00fcnden. Durch eine gro\u00dfe Werbekampagne [&hellip;]<\/p>\n","protected":false},"author":7,"featured_media":0,"parent":0,"menu_order":0,"comment_status":"closed","ping_status":"closed","template":"","meta":{"footnotes":""},"class_list":["post-64","page","type-page","status-publish","hentry"],"_links":{"self":[{"href":"https:\/\/www.judo-club-linden.de\/index.php?rest_route=\/wp\/v2\/pages\/64","targetHints":{"allow":["GET"]}}],"collection":[{"href":"https:\/\/www.judo-club-linden.de\/index.php?rest_route=\/wp\/v2\/pages"}],"about":[{"href":"https:\/\/www.judo-club-linden.de\/index.php?rest_route=\/wp\/v2\/types\/page"}],"author":[{"embeddable":true,"href":"https:\/\/www.judo-club-linden.de\/index.php?rest_route=\/wp\/v2\/users\/7"}],"replies":[{"embeddable":true,"href":"https:\/\/www.judo-club-linden.de\/index.php?rest_route=%2Fwp%2Fv2%2Fcomments&post=64"}],"version-history":[{"count":4,"href":"https:\/\/www.judo-club-linden.de\/index.php?rest_route=\/wp\/v2\/pages\/64\/revisions"}],"predecessor-version":[{"id":346,"href":"https:\/\/www.judo-club-linden.de\/index.php?rest_route=\/wp\/v2\/pages\/64\/revisions\/346"}],"wp:attachment":[{"href":"https:\/\/www.judo-club-linden.de\/index.php?rest_route=%2Fwp%2Fv2%2Fmedia&parent=64"}],"curies":[{"name":"wp","href":"https:\/\/api.w.org\/{rel}","templated":true}]}}