{"id":92,"date":"2018-12-23T09:57:13","date_gmt":"2018-12-23T09:57:13","guid":{"rendered":"http:\/\/wp.judo-club-linden.de\/?page_id=92"},"modified":"2023-03-14T21:14:12","modified_gmt":"2023-03-14T20:14:12","slug":"datenschutzerklaerung","status":"publish","type":"page","link":"https:\/\/www.judo-club-linden.de\/?page_id=92","title":{"rendered":"Datenschutzerkl\u00e4rung"},"content":{"rendered":"\n<h6 class=\"has-text-align-right wp-block-heading\"><a rel=\"noreferrer noopener\" href=\"https:\/\/www.judo-club-linden.de\/wp-content\/uploads\/2022\/04\/Datenschutz.pdf\" data-type=\"URL\" data-id=\"https:\/\/www.judo-club-linden.de\/wp-content\/uploads\/2022\/04\/Datenschutz.pdf\" target=\"_blank\"><em>(Download)<\/em><\/a><\/h6>\n\n\n\n<h3 class=\"wp-block-heading\">Datenschutzerkl\u00e4rung <\/h3>\n\n\n\n<p class=\"has-text-align-center\"><strong>\u00a71<\/strong><\/p>\n\n\n\n<p>Verantwortlicher im Sinne der Datenschutzgesetze, insbesondere der EU-Datenschutzgrundverordnung (DSGVO), ist:<\/p>\n\n\n\n<p>Judo Club Linden e.V.<\/p>\n\n\n\n<p>Vertreten durch den Vorstand Niklas Stelljes und Klaas Leideck<\/p>\n\n\n\n<p>Liepmannstra\u00dfe 22C, 30453 Hannover, <\/p>\n\n\n\n<p>gesetzlich vertreten durch den Vorstand nach \u00a7 26 BGB, die Herrn Niklas Stelljes und Klaas Leideck; E-Mail: vorstand@judo-club-linden.de; Tel.: 0511\/ 10537837<\/p>\n\n\n\n<p><\/p>\n\n\n\n<p class=\"has-text-align-center\"><strong>\u00a72<\/strong><\/p>\n\n\n\n<p class=\"has-text-align-left\">Zwecke, f\u00fcr die personenbezogenen Daten verarbeitet werden:<\/p>\n\n\n\n<p>Die personenbezogenen Daten werden f\u00fcr die Durchf\u00fchrung des Mitgliedschaftsverh\u00e4ltnisses verarbeitet (z.B. Einladung zu Versammlungen, Beitragseinzug, Organisation des Sportbetriebes).<\/p>\n\n\n\n<p>Ferner werden personenbezogene Daten zur Teilnahme am Wettkampf-, Turnier- und Spielbetrieb der Landesfachverb\u00e4nde an diese weitergeleitet.<\/p>\n\n\n\n<p>Dar\u00fcber hinaus werden personenbezogene Daten im Zusammenhang mit sportlichen Ereignissen einschlie\u00dflich der Berichterstattung hier\u00fcber auf der Internetseite des Vereins, in Auftritten des Vereins in Sozialen Medien sowie auf Seiten der Fachverb\u00e4nde ver\u00f6ffentlicht und an lokale, regionale und \u00fcberregionale Printmedien \u00fcbermittelt.<\/p>\n\n\n\n<p>Ebenfalls werden personenbezogene Daten im Zusammenhang mit der Anmeldung zu au\u00dfer sportlichen Aktivit\u00e4ten, wie dem Sommer- und\/oder Weihnachtsfest und der Durchf\u00fchrung von Ferienfreizeiten verarbeitet.<\/p>\n\n\n\n<p class=\"has-text-align-center\"><strong>\u00a73<\/strong><\/p>\n\n\n\n<p class=\"has-text-align-left\">Funktionen und Angebot<\/p>\n\n\n\n<p>a. Nutzung eines Kontaktformulars<\/p>\n\n\n\n<p>Sofern eine betroffene Person per E-Mail oder \u00fcber ein Kontaktformular den Kontakt mit dem f\u00fcr die Verarbeitung Verantwortlichen aufnimmt, werden die von der betroffenen Person \u00fcbermittelten personenbezogenen Daten automatisch gespeichert. Solche auf freiwilliger Basis von einer betroffenen Person an den f\u00fcr die Verarbeitung Verantwortlichen \u00fcbermittelten personenbezogenen Daten werden f\u00fcr Zwecke der Bearbeitung oder der Kontaktaufnahme zur betroffenen Person gespeichert. Es erfolgt keine Weitergabe dieser personenbezogenen Daten an Dritte. Rechtsgrundlage ist Art. 6 Abs. 1 S. 1 lit. f DS-GVO.<\/p>\n\n\n\n<p>b. Nutzung von GoogleAnalytics<\/p>\n\n\n\n<p>Zum Zwecke der bedarfsgerechten Gestaltung und fortlaufenden Optimierung unserer Seiten nutzen wir Google Analytics, ein Webanalysedienst der Google Inc. (https:\/\/www.google.de\/ intl\/de\/about\/) (1600 Amphitheatre Parkway, Mountain View, CA 94043, USA; im Folgenden \u201eGoogle\u201c). In diesem Zusammenhang werden pseudonymisierte Nutzungsprofile erstellt und Cookies verwendet. Die durch den Cookie erzeugten Informationen \u00fcber Ihre Benutzung dieser Website wie<\/p>\n\n\n\n<ul class=\"wp-block-list\">\n<li>verwendeten Browsertypen und Versionen,<\/li>\n\n\n\n<li>das vom zugreifenden System verwendete Betriebssystem,<\/li>\n\n\n\n<li>die Internetseite, von welcher ein zugreifendes System auf unsere Internetseite gelangt (sogenannte Referrer),<\/li>\n\n\n\n<li>die Unterwebseiten, welche \u00fcber ein zugreifendes System auf unserer Internetseite angesteuert werden,<\/li>\n\n\n\n<li>das Datum und die Uhrzeit eines Zugriffs auf die Internetseite,<\/li>\n\n\n\n<li>eine Internet-Protokoll-Adresse (IP-Adresse),<\/li>\n\n\n\n<li>der Internet-Service-Provider des zugreifenden Systems<\/li>\n<\/ul>\n\n\n\n<p>und werden an einen Server von Google in den USA \u00fcbertragen und dort gespeichert. Die Informationen werden verwendet, um die Nutzung der Website auszuwerten, um Reports \u00fcber die Websiteaktivit\u00e4ten zusammenzustellen und um weitere mit der Websitenutzung und der Internetnutzung verbundene Dienstleistungen zu Zwecken der Marktforschung und bedarfsgerechten Gestaltung dieser Internetseiten zu erbringen. Auch werden diese Informationen gegebenenfalls an Dritte \u00fcbertragen, sofern dies gesetzlich vorgeschrieben ist oder soweit Dritte diese Daten im Auftrag verarbeiten. Es wird in keinem Fall Ihre IP-Adresse mit anderen Daten von Google zusammengef\u00fchrt. Die IP-Adressen werden anonymisiert, so dass eine Zuordnung nicht m\u00f6glich ist (IP-Masking).<\/p>\n\n\n\n<p>Die personenbezogenen Daten der Nutzer werden nach 14 Monaten gel\u00f6scht oder anonymisiert.Sie k\u00f6nnen die Erfassung der durch das Cookie erzeugten und auf Ihre Nutzung der Website bezogenen Daten (inkl. Ihrer IP-Adresse) sowie die Verarbeitung dieser Daten durch Google verhindern, indem Sie ein Browser-Add-on herunterladen und installieren (https:\/\/ tools.google.com\/dlpage\/gaoptout?hl=de).<\/p>\n\n\n\n<p>Alternativ zum Browser-Add-on, insbesondere bei Browsern auf mobilen Endger\u00e4ten, k\u00f6nnen Sie die Erfassung durch Google Analytics zudem verhindern, indem Sie auf diesen Link klicken. Es wird ein Opt-out-Cookie gesetzt, das die zuk\u00fcnftige Erfassung Ihrer Daten beim Besuch dieser Website verhindert. Der Opt-out-Cookie gilt nur in diesem Browser und nur f\u00fcr unsere Website und wird auf Ihrem Ger\u00e4t abgelegt. L\u00f6schen Sie die Cookies in diesem Browser, m\u00fcssen Sie das Opt-out-Cookie erneut setzen.<\/p>\n\n\n\n<p>Weitere Informationen zum Datenschutz im Zusammenhang mit Google Analytics finden Sie etwa in der Google Analytics-Hilfe (https:\/\/support.google.com\/analytics?source=404#topic=10737980).<\/p>\n\n\n\n<p>Rechtsgrundlage ist Art. 6 Abs. 1 S. 1 lit. f DSGVO.<\/p>\n\n\n\n<p>c. Nutzung von YouTube-Videos<\/p>\n\n\n\n<p>Wir haben YouTube-Videos in unser Online-Angebot eingebunden, die auf http:\/\/www.YouTube.com gespeichert sind und von unserer Website aus direkt abspielbar sind.<\/p>\n\n\n\n<p>Durch den Besuch auf der Website erh\u00e4lt YouTube die Information, dass Sie die entsprechende Unterseite unserer Website aufgerufen haben. Zudem werden die unter \u00a7 4 dieser Erkl\u00e4rung genannten Daten \u00fcbermittelt. Dies erfolgt unabh\u00e4ngig davon, ob YouTube ein Nutzerkonto bereitstellt, \u00fcber das Sie eingeloggt sind, oder ob kein Nutzerkonto besteht. Wenn Sie bei Google eingeloggt sind, werden Ihre Daten direkt Ihrem Konto zugeordnet. Wenn Sie die Zuordnung mit Ihrem Profil bei YouTube nicht w\u00fcnschen, m\u00fcssen Sie sich vor Besuch unserer Videos ausloggen. YouTube speichert Ihre Daten als Nutzungsprofile und nutzt sie f\u00fcr Zwecke der Werbung, Marktforschung und\/oder bedarfsgerechten Gestaltung seiner Website. Eine solche Auswertung erfolgt insbesondere (selbst f\u00fcr nicht eingeloggte Nutzer) zur Erbringung von bedarfsgerechter Werbung und um andere Nutzer des sozialen Netzwerks \u00fcber Ihre Aktivit\u00e4ten auf unserer Website zu informieren. Ihnen steht ein Widerspruchsrecht zu gegen die Bildung dieser Nutzerprofile, wobei Sie sich zur Aus\u00fcbung dessen an YouTube richten m\u00fcssen.<\/p>\n\n\n\n<p>Weitere Informationen zu Zweck und Umfang der Datenerhebung und ihrer Verarbeitung durch YouTube erhalten Sie in der Datenschutzerkl\u00e4rung. Dort erhalten Sie auch weitere Informationen zu Ihren Rechten und Einstellungsm\u00f6glichkeiten zum Schutze Ihrer Privatsph\u00e4re: https:\/\/www.google.de\/intl\/de\/policies\/privacy. Google verarbeitet Ihre personenbezogenen Daten auch in den USA und hat sich dem EU-US-Privacy-Shield unterworfen, https:\/\/www.privacyshield.gov\/EU-US-Framework.<\/p>\n\n\n\n<p class=\"has-text-align-center\"><strong>\u00a74<\/strong><\/p>\n\n\n\n<p>Rechtsgrundlagen, auf Grund derer die Verarbeitung erfolgt:<\/p>\n\n\n\n<p>Die Verarbeitung der personenbezogenen Daten erfolgt in der Regel aufgrund der Erforderlichkeit zur Erf\u00fcllung eines Vertrages gem\u00e4\u00df Artikel 6 Abs. 1 lit. b) DSGVO. Bei den Vertragsverh\u00e4ltnissen handelt es sich in erster Linie um das Mitgliedschaftsverh\u00e4ltnis im Verein und um die Teilnahme am Spielbetrieb der Fachverb\u00e4nde.<\/p>\n\n\n\n<p>Werden personenbezogene Daten erhoben, ohne dass die Verarbeitung zur Erf\u00fcllung des Vertrages erforderlich ist, erfolgt die Verarbeitung aufgrund einer Einwilligung nach Artikel 6 Abs. 1 lit. a) i.V.m. Artikel 7 DSGVO.<\/p>\n\n\n\n<p>Die Ver\u00f6ffentlichung personenbezogener Daten im Internet oder in lokalen, regionalen oder \u00fcberregionalen Printmedien erfolgt zur Wahrung berechtigter Interessen des Vereins (vgl. Artikel 6 Abs. 1 lit. f) DSGVO). Das berechtigte Interesse des Vereins besteht in der Information der \u00d6ffentlichkeit durch Berichtserstattung \u00fcber die Aktivit\u00e4ten des Vereins. In diesem Rahmen werden personenbezogene Daten einschlie\u00dflich von Bildern der Teilnehmer zum Beispiel im Rahmen der Berichterstattung \u00fcber sportliche Ereignisse des Vereins ver\u00f6ffentlicht.<\/p>\n\n\n\n<p class=\"has-text-align-center\"><strong>\u00a75<\/strong><\/p>\n\n\n\n<p class=\"has-text-align-left\">Nutzung BigBlueButton<\/p>\n\n\n\n<p class=\"has-text-align-left\">a. Zu welchem Zweck werden die Daten verarbeitet?<\/p>\n\n\n\n<p>Die Verarbeitung ist erforderlich zur Nutzung von BigBlueButton, einer Videokonferenz-Plattform, zur Durchf\u00fchrung von Online-Trainingseinheiten in der Lerngruppe und individueller Betreuung und Beratung in Kleingruppen oder Einzeltreffen zwischen TrainerInnen und Sch\u00fclerInnen.<\/p>\n\n\n\n<p>b. Auf welcher Rechtsgrundlage erfolgt die Verarbeitung?<\/p>\n\n\n\n<p>Die Verarbeitung erfolgt auf der Grundlage Ihrer Einwilligung gem. Art. 7 DSGVO.<\/p>\n\n\n\n<p>c. Welche personenbezogenen Daten meines Kindes werden bei Teilnahme an einer BigBlueButton Videokonferenz verarbeitet?<\/p>\n\n\n\n<p>Bei der Teilnahme an einer BigBlueButton Videokonferenz ohne eigenes Nutzerkonto werden neben Bild- und Tondaten, zus\u00e4tzliche Daten zur Konferenz verarbeitet: Name des Raumes, IP Nummer des Teilnehmers und Informationen zum genutzten Endger\u00e4t. Je nach Nutzung der Funktionen in einer Videokonferenz fallen Inhalte von Chats, gesetzter Status, Eingaben bei Umfragen, Beitr\u00e4ge zum geteilten Whiteboard, durch Upload geteilte Dateien und Inhalte von Bildschirmfreigaben an. Eine Speicherung von Videokonferenzen und Inhalten durch den Judo-Club Linden e.V. erfolgt nicht.<\/p>\n\n\n\n<p>d. Wer hat Zugriff auf die personenbezogenen Daten?<\/p>\n\n\n\n<p>Alle Teilnehmer einer Videokonferenz haben Zugriff im Sinne von Sehen, H\u00f6ren und Lesen auf Inhalte der Videokonferenz, Chats, geteilte Dateien, Bildschirmfreigaben und Beitr\u00e4ge auf Whiteboards. Der Anbieter hat Zugriff auf die verarbeiteten Daten im Rahmen der Auftragsverarbeitung.<\/p>\n\n\n\n<p>e. An wen werden die Daten \u00fcbermittelt?<\/p>\n\n\n\n<p>Unsere BigBlueButton Instanz wird von der Firma Blindside Networks \u2013 (BigBlueButton), https:\/\/ de.wordpress.org\/plugins\/bigbluebutton] f\u00fcr uns betrieben. [Blindside Networks &#8211; BigBlueButton] verarbeitet die personenbezogenen Daten ausschlie\u00dflich in unserem Auftrag. Demnach darf er sie nur entsprechend unserer Weisungen und f\u00fcr unsere Zwecke und nicht f\u00fcr eigene Zwecke nutzen, also weder f\u00fcr Werbung und auch nicht, um sie an Dritte weitergeben. Im Sinne des Datenschutzrechts findet somit keine \u00dcbermittlung statt.&nbsp;<\/p>\n\n\n\n<p>f. Wie lange werden die Daten meines Kindes gespeichert?<\/p>\n\n\n\n<p>Der Judo-Club Linden e. V. speichert keine personenbezogenen Daten im Zusammenhang mit der Nutzung von BigBlueButton. Videokonferenzen und Chats werden nicht aufgezeichnet und weder durch den Verein noch den Anbieter gespeichert. Die Inhalte von Chats, geteilte Dateien und Whiteboards werden in der Plattform gel\u00f6scht, sobald ein Konferenzraum geschlossen wird.<\/p>\n\n\n\n<p class=\"has-text-align-center\"><strong>\u00a76<\/strong><\/p>\n\n\n\n<p>Die Empf\u00e4nger oder Kategorien von Empf\u00e4ngern der personenbezogenen Daten:<\/p>\n\n\n\n<p>Personenbezogene Daten der Mitglieder, die am Spiel- und Wettkampfbetrieb der Landesfachverb\u00e4nde teilnehmen, werden zum Erwerb einer Lizenz, einer Wertungskarte, eines Spielerpasses oder sonstiger Teilnahmeberechtigung an den jeweiligen Landesfachverband weitergegeben.<\/p>\n\n\n\n<p>Personenbezogene Daten der Teilnehmenden an Ferienfreizeit werden zum Zweck der Anmeldung an die Zielunterkunft (in der Regel Ferieneinrichtungen der Stadt Hannover) und zur Beantragung von Zusch\u00fcsse an den jeweiligen Tr\u00e4ger\/Verband weitergeleitet.<\/p>\n\n\n\n<p>Die Daten der Bankverbindung der Mitglieder werden zum Zwecke des Beitragseinzugs an die Sparkasse Hannover weitergeleitet.<\/p>\n\n\n\n<p class=\"has-text-align-center\"><strong>\u00a77<\/strong><\/p>\n\n\n\n<p>Die Dauer, f\u00fcr die die personenbezogenen Daten gespeichert werden oder, falls dies nicht m\u00f6glich ist, die Kriterien f\u00fcr die Festlegung der Dauer:<\/p>\n\n\n\n<p>Die personenbezogenen Daten werden f\u00fcr die Dauer der Mitgliedschaft gespeichert.<\/p>\n\n\n\n<p>Mit Beendigung der Mitgliedschaft werden die Datenkategorien gem\u00e4\u00df den gesetzlichen Aufbewahrungsfristen weitere zehn Jahre vorgehalten und dann gel\u00f6scht. In der Zeit zwischen Beendigung der Mitgliedschaft und der L\u00f6schung wird die Verarbeitung dieser Daten eingeschr\u00e4nkt.<\/p>\n\n\n\n<p>Bestimmte Datenkategorien werden zum Zweck der Vereinschronik im Vereinsarchiv gespeichert. Hierbei handelt es sich um die Kategorien Vorname, Nachname, Zugeh\u00f6rigkeit zu einer Mannschaft, besondere sportliche Erfolge oder Ereignisse, an denen die betroffene Person mitgewirkt hat. Der Speicherung liegt ein berechtigtes Interesse des Vereins an der zeitgeschichtlichen Dokumentation von sportlichen Ereignissen und Erfolgen und der jeweiligen Zusammensetzung der Mannschaften zugrunde.<\/p>\n\n\n\n<p>Alle Daten der \u00fcbrigen Kategorien (z.B. Bankdaten, Anschrift, Kontaktdaten) werden mit Beendigung der Mitgliedschaft gel\u00f6scht.<\/p>\n\n\n\n<p class=\"has-text-align-center\"><strong>\u00a78<\/strong><\/p>\n\n\n\n<p>Dienstleister<\/p>\n\n\n\n<p>a. Teilweise bedienen wir uns zur Verarbeitung Ihrer Daten externer Dienstleister. Diese wurden von uns sorgf\u00e4ltig ausgew\u00e4hlt und beauftragt, sind an unsere Weisungen gebunden und werden regelm\u00e4\u00dfig kontrolliert. Dies erfolgt \u00fcber einen Auftragsverarbeitungsvertrag.<\/p>\n\n\n\n<p>b. Soweit unsere Dienstleister oder Partner ihren Sitz in einem Staat au\u00dferhalb des Europ\u00e4ischen Wirtschaftsraumen (EWR) haben, erfolgt die Verarbeitung nur, wenn es zur Erf\u00fcllung unserer vertraglichen Pflichten, auf Grundlage Ihrer Einwilligung, aufgrund einer rechtlichen Verpflichtung oder auf Grundlage unserer berechtigten Interessen geschieht. Vorbehaltlich gesetzlicher oder vertraglicher Erlaubnisse, verarbeiten oder lassen wir die Daten in einem Drittland nur beim Vorliegen der besonderen Voraussetzungen der Art. 44 ff. DSGVO verarbeiten. D.h. die Verarbeitung erfolgt z.B. auf Grundlage besonderer Garantien, wie der offiziell anerkannten Feststellung eines der EU entsprechenden Datenschutzniveaus (z.B. f\u00fcr die USA durch das \u201ePrivacy Shield\u201c) oder Beachtung offiziell anerkannter spezieller vertraglicher Verpflichtungen (so genannte \u201eStandardvertragsklauseln\u201c).<\/p>\n\n\n\n<p class=\"has-text-align-center\"><strong>\u00a79<\/strong><\/p>\n\n\n\n<p>Der betroffenen Person stehen unter den in den Artikeln jeweils genannten Voraussetzungen die nachfolgenden Rechte zu:<\/p>\n\n\n\n<ul class=\"wp-block-list\">\n<li>das Recht auf Widerruf Ihrer Einwilligung gem. Art. 7 Abs. 3 DSGVO<\/li>\n\n\n\n<li>das Recht auf Auskunft nach Artikel 15 DSGVO,<\/li>\n\n\n\n<li>das Recht auf Berichtigung nach Artikel 16 DSGVO,<\/li>\n\n\n\n<li>das Recht auf L\u00f6schung nach Artikel 17 DSGVO,<\/li>\n\n\n\n<li>das Recht auf Einschr\u00e4nkung der Verarbeitung nach Artikel 18 DSGVO,<\/li>\n\n\n\n<li>das Recht auf Daten\u00fcbertragbarkeit nach Artikel 20 DSGVO,<\/li>\n\n\n\n<li>das Widerspruchsrecht nach Artikel 21 DSGVO,<\/li>\n\n\n\n<li>das Recht auf Beschwerde bei einer Aufsichtsbeh\u00f6rde nach Artikel 77 DSGVO<\/li>\n\n\n\n<li>das Recht, eine erteilte Einwilligung jederzeit widerrufen zu k\u00f6nnen, ohne dass die Rechtm\u00e4\u00dfigkeit der aufgrund der Einwilligung bis zum Widerruf erfolgten Verarbeitung hierdurch ber\u00fchrt wird.<\/li>\n<\/ul>\n\n\n\n<p class=\"has-text-align-center\"><strong>\u00a710<\/strong><\/p>\n\n\n\n<p class=\"has-text-align-left\">Die Quelle, aus der die personenbezogenen Daten stammen:<\/p>\n\n\n\n<p>Die personenbezogenen Daten werden grunds\u00e4tzlich im Rahmen des Erwerbs der Mitgliedschaft oder der Anmeldung zu Veranstaltungen oder Freizeiten des Judo-Club Linden e. V. erhoben.<\/p>\n\n\n\n<p class=\"has-text-align-center\"><strong>\u00a711<\/strong><\/p>\n\n\n\n<p class=\"has-text-align-left\">Erhebung personenbezogener Daten bei Besuch unserer Website<\/p>\n\n\n\n<p class=\"has-text-align-left\">a. Erfassung allgemeiner Daten und Informationen<\/p>\n\n\n\n<p>Bei der blo\u00df informatorischen Nutzung der Website, also wenn Sie sich nicht registrieren oder uns anderweitig Informationen \u00fcbermitteln, erheben wir nur die personenbezogenen Daten, die Ihr Browser an unseren Server \u00fcbermittelt. Wenn Sie unsere Website betrachten m\u00f6chten, erheben wir die folgenden Daten, die f\u00fcr uns technisch erforderlich sind, um Ihnen unsere Website anzuzeigen und die Stabilit\u00e4t und Sicherheit zu gew\u00e4hrleisten (Rechtsgrundlage ist Art. 6 Abs. 1 S. 1 lit. f DS-GVO):<\/p>\n\n\n\n<ul class=\"wp-block-list\">\n<li>verwendeten Browsertypen und Versionen,<\/li>\n\n\n\n<li>das vom zugreifenden System verwendete Betriebssystem,<\/li>\n\n\n\n<li>die Internetseite, von welcher ein zugreifendes System auf unsere Internetseite gelangt (sogenannte Referrer),<\/li>\n\n\n\n<li>die Unterwebseiten, welche \u00fcber ein zugreifendes System auf unserer Internetseite angesteuert werden,<\/li>\n\n\n\n<li>das Datum und die Uhrzeit eines Zugriffs auf die Internetseite,<\/li>\n\n\n\n<li>eine Internet-Protokoll-Adresse (IP-Adresse),<\/li>\n\n\n\n<li>der Internet-Service-Provider des zugreifenden Systems und<\/li>\n\n\n\n<li>sonstige \u00e4hnliche Daten und Informationen, die der Gefahrenabwehr im Falle von Angriffen auf unsere informationstechnologischen Systeme dienen.<\/li>\n<\/ul>\n\n\n\n<p>Die Erhebung dieser allgemeinen Daten werden von dem Verantwortlichen nicht genutzt, um R\u00fcckschl\u00fcsse auf die betroffene Person zu erheben, sondern werden ben\u00f6tigt, um:<\/p>\n\n\n\n<ul class=\"wp-block-list\">\n<li>die Inhalte unserer Internetseite korrekt auszuliefern,<\/li>\n\n\n\n<li>die dauerhafte Funktionsf\u00e4higkeit unserer informationstechnologischen Systeme und der Technik unserer Internetseite zu gew\u00e4hrleisten sowie<\/li>\n\n\n\n<li>um Strafverfolgungsbeh\u00f6rden im Falle eines Cyberangriffes die zur Strafverfolgung notwendigen Informationen bereitzustellen.<\/li>\n<\/ul>\n\n\n\n<p>b. Nutzung von Cookies<\/p>\n\n\n\n<p>Zus\u00e4tzlich zu den zuvor genannten Daten werden bei Ihrer Nutzung unserer Website Cookies auf Ihrem Rechner gespeichert. Bei Cookies handelt es sich um kleine Textdateien, die auf Ihrer Festplatte dem von Ihnen verwendeten Browser zugeordnet gespeichert werden und durch welche der Stelle, die den Cookie setzt, bestimmte Informationen zuflie\u00dfen. Cookies k\u00f6nnen keine Programme ausf\u00fchren oder Viren auf Ihren Computer \u00fcbertragen. Sie dienen dazu, das Internetangebot insgesamt nutzerfreundlicher und effektiver zu machen.<\/p>\n\n\n\n<p>Der Einsatz von Cookies dient einerseits dazu, die Nutzung unseres Angebots f\u00fcr Sie angenehmer zu gestalten. So setzen wir sogenannte Session-Cookies ein, um zu erkennen, dass Sie einzelne Seiten unserer Website bereits besucht haben. Diese werden nach Verlassen unserer Seite automatisch gel\u00f6scht.<\/p>\n\n\n\n<p>Dar\u00fcber hinaus setzen wir ebenfalls zur Optimierung der Benutzerfreundlichkeit tempor\u00e4re Cookies ein, die f\u00fcr einen bestimmten festgelegten Zeitraum auf Ihrem Endger\u00e4t gespeichert werden. Besuchen Sie unsere Seite erneut, um unsere Dienste in Anspruch zu nehmen, wird automatisch erkannt, dass Sie bereits bei uns waren und welche Eingaben und Einstellungen sie get\u00e4tigt haben, um diese nicht noch einmal eingeben zu m\u00fcssen.<\/p>\n\n\n\n<p>Zum anderen setzten wir Cookies ein, um die Nutzung unserer Website statistisch zu erfassen und zum Zwecke der Optimierung unseres Angebotes f\u00fcr Sie auszuwerten. Diese Cookies erm\u00f6glichen es uns, bei einem erneuten Besuch unserer Seite automatisch zu erkennen, dass Sie bereits bei uns waren. Diese Cookies werden nach einer jeweils definierten Zeit automatisch gel\u00f6scht.<\/p>\n\n\n\n<p>Die durch Cookies verarbeiteten Daten sind f\u00fcr die genannten Zwecke zur Wahrung unserer berechtigten Interessen sowie der Dritter nach Art. 6 Abs. 1 S. 1 lit. f DSGVO erforderlich.<\/p>\n\n\n\n<p>Sie k\u00f6nnen Ihre Browser-Einstellung entsprechend Ihren W\u00fcnschen konfigurieren und z.\u2009B. die Annahme von Third-Party-Cookies oder allen Cookies ablehnen. Wir weisen Sie darauf hin, dass Sie eventuell nicht alle Funktionen dieser Website nutzen k\u00f6nnen.<\/p>\n\n\n\n<p>Stand: M\u00e4rz 2023<\/p>\n","protected":false},"excerpt":{"rendered":"<p>(Download) Datenschutzerkl\u00e4rung \u00a71 Verantwortlicher im Sinne der Datenschutzgesetze, insbesondere der EU-Datenschutzgrundverordnung (DSGVO), ist: Judo Club Linden e.V. Vertreten durch den Vorstand Niklas Stelljes und Klaas Leideck Liepmannstra\u00dfe 22C, 30453 Hannover, [&hellip;]<\/p>\n","protected":false},"author":7,"featured_media":0,"parent":0,"menu_order":0,"comment_status":"closed","ping_status":"closed","template":"","meta":{"footnotes":""},"class_list":["post-92","page","type-page","status-publish","hentry"],"_links":{"self":[{"href":"https:\/\/www.judo-club-linden.de\/index.php?rest_route=\/wp\/v2\/pages\/92","targetHints":{"allow":["GET"]}}],"collection":[{"href":"https:\/\/www.judo-club-linden.de\/index.php?rest_route=\/wp\/v2\/pages"}],"about":[{"href":"https:\/\/www.judo-club-linden.de\/index.php?rest_route=\/wp\/v2\/types\/page"}],"author":[{"embeddable":true,"href":"https:\/\/www.judo-club-linden.de\/index.php?rest_route=\/wp\/v2\/users\/7"}],"replies":[{"embeddable":true,"href":"https:\/\/www.judo-club-linden.de\/index.php?rest_route=%2Fwp%2Fv2%2Fcomments&post=92"}],"version-history":[{"count":24,"href":"https:\/\/www.judo-club-linden.de\/index.php?rest_route=\/wp\/v2\/pages\/92\/revisions"}],"predecessor-version":[{"id":16592,"href":"https:\/\/www.judo-club-linden.de\/index.php?rest_route=\/wp\/v2\/pages\/92\/revisions\/16592"}],"wp:attachment":[{"href":"https:\/\/www.judo-club-linden.de\/index.php?rest_route=%2Fwp%2Fv2%2Fmedia&parent=92"}],"curies":[{"name":"wp","href":"https:\/\/api.w.org\/{rel}","templated":true}]}}