{"id":95,"date":"2018-12-22T17:26:03","date_gmt":"2018-12-22T17:26:03","guid":{"rendered":"http:\/\/wp.judo-club-linden.de\/?page_id=95"},"modified":"2024-11-09T21:40:14","modified_gmt":"2024-11-09T20:40:14","slug":"home","status":"publish","type":"page","link":"https:\/\/www.judo-club-linden.de\/","title":{"rendered":"Startseite"},"content":{"rendered":"\n\n\n\n<div style=\"height:45px\" aria-hidden=\"true\" class=\"wp-block-spacer\"><\/div>\n\n\n\n<p class=\"has-text-color\" style=\"color:#353738;font-size:25px\"><strong>Herzlich willkommen auf unserer Homepage!<\/strong><\/p>\n\n\n\n<div style=\"height:20px\" aria-hidden=\"true\" class=\"wp-block-spacer\"><\/div>\n\n\n\n<p style=\"font-size:18px\">Hier findet Ihr alle Informationen \u00fcber unseren Verein, <\/p>\n\n\n\n<p style=\"font-size:18px\">\u00fcber die Sportart Judo, Kinderturnen, Infos zum Probetraining,<\/p>\n\n\n\n<p style=\"font-size:18px\">Mitgliedsbeitr\u00e4gen und Freizeitaktivit\u00e4ten. <\/p>\n\n\n\n<div style=\"height:29px\" aria-hidden=\"true\" class=\"wp-block-spacer\"><\/div>\n\n\n\n<p style=\"font-size:18px\">Viel Spa\u00df auf unserer Website&#8230;<\/p>\n\n\n\n<p><\/p>\n\n\n<div class=\"wp-block-image\">\n<figure class=\"alignleft size-large is-resized\"><img loading=\"lazy\" decoding=\"async\" width=\"300\" height=\"292\" src=\"https:\/\/www.judo-club-linden.de\/wp-content\/uploads\/2021\/02\/emblem1-300x292-1.jpg\" alt=\"\" class=\"wp-image-2000\" style=\"width:150px;height:146px\"\/><figcaption class=\"wp-element-caption\"><br><\/figcaption><\/figure>\n<\/div>\n\n\n<p style=\"font-size:18px\"><\/p>\n\n\n\n<p style=\"font-size:18px\"><\/p>\n\n\n\n<p><\/p>\n\n\n\n<p style=\"font-size:18px\">\u2026und bis bald auf der Matte!<\/p>\n","protected":false},"excerpt":{"rendered":"<p>Herzlich willkommen auf unserer Homepage! Hier findet Ihr alle Informationen \u00fcber unseren Verein, \u00fcber die Sportart Judo, Kinderturnen, Infos zum Probetraining, Mitgliedsbeitr\u00e4gen und Freizeitaktivit\u00e4ten. Viel Spa\u00df auf unserer Website&#8230; \u2026und [&hellip;]<\/p>\n","protected":false},"author":7,"featured_media":56,"parent":0,"menu_order":0,"comment_status":"closed","ping_status":"closed","template":"","meta":{"footnotes":""},"class_list":["post-95","page","type-page","status-publish","has-post-thumbnail","hentry"],"_links":{"self":[{"href":"https:\/\/www.judo-club-linden.de\/index.php?rest_route=\/wp\/v2\/pages\/95","targetHints":{"allow":["GET"]}}],"collection":[{"href":"https:\/\/www.judo-club-linden.de\/index.php?rest_route=\/wp\/v2\/pages"}],"about":[{"href":"https:\/\/www.judo-club-linden.de\/index.php?rest_route=\/wp\/v2\/types\/page"}],"author":[{"embeddable":true,"href":"https:\/\/www.judo-club-linden.de\/index.php?rest_route=\/wp\/v2\/users\/7"}],"replies":[{"embeddable":true,"href":"https:\/\/www.judo-club-linden.de\/index.php?rest_route=%2Fwp%2Fv2%2Fcomments&post=95"}],"version-history":[{"count":37,"href":"https:\/\/www.judo-club-linden.de\/index.php?rest_route=\/wp\/v2\/pages\/95\/revisions"}],"predecessor-version":[{"id":17086,"href":"https:\/\/www.judo-club-linden.de\/index.php?rest_route=\/wp\/v2\/pages\/95\/revisions\/17086"}],"wp:featuredmedia":[{"embeddable":true,"href":"https:\/\/www.judo-club-linden.de\/index.php?rest_route=\/wp\/v2\/media\/56"}],"wp:attachment":[{"href":"https:\/\/www.judo-club-linden.de\/index.php?rest_route=%2Fwp%2Fv2%2Fmedia&parent=95"}],"curies":[{"name":"wp","href":"https:\/\/api.w.org\/{rel}","templated":true}]}}