{"id":98,"date":"2018-12-22T17:26:03","date_gmt":"2018-12-22T17:26:03","guid":{"rendered":"http:\/\/wp.judo-club-linden.de\/?page_id=98"},"modified":"2023-04-08T20:30:47","modified_gmt":"2023-04-08T18:30:47","slug":"probetraining","status":"publish","type":"page","link":"https:\/\/www.judo-club-linden.de\/?page_id=98","title":{"rendered":"Probetraining"},"content":{"rendered":"\n<p><strong>Interesse geweckt?<\/strong><\/p>\n\n\n\n<p>Wir bieten Euch ein dreimaliges, kostenloses Probetraining an! &nbsp;  <\/p>\n\n\n\n<div style=\"height:18px\" aria-hidden=\"true\" class=\"wp-block-spacer\"><\/div>\n\n\n\n<p><strong>Was braucht ihr?<\/strong><\/p>\n\n\n\n<p>lange Jogginghose, ein lang\u00e4rmliges Sweatshirt und Badelatschen<\/p>\n\n\n\n<div style=\"height:18px\" aria-hidden=\"true\" class=\"wp-block-spacer\"><\/div>\n\n\n\n<p><strong>Wann?<\/strong><\/p>\n\n\n\n<p>Anf\u00e4nger zwischen 6 und 11 Jahren: donnerstags von 17:00 Uhr bis 18:30 Uhr   <\/p>\n\n\n\n<p>Anf\u00e4nger zwischen 12 und 14 Jahren: montags und mittwochs von 17:00 Uhr bis 18:30 Uhr   <\/p>\n\n\n\n<p>Anf\u00e4nger und Fortgeschrittene ab 15 Jahren: montags und mittwochs von 18:30 Uhr bis 20:00 Uhr <\/p>\n\n\n\n<p><a rel=\"noreferrer noopener\" href=\"http:\/\/wp.judo-club-linden.de\/?page_id=148 (\u00f6ffnet in neuem Tab)\" target=\"_blank\">Trainingszeiten<\/a><\/p>\n\n\n\n<div style=\"height:18px\" aria-hidden=\"true\" class=\"wp-block-spacer\"><\/div>\n\n\n\n<p><strong>Wo?<\/strong><\/p>\n\n\n\n<p>Kleine Sporthalle, Albert-Schweitzer-Schule <\/p>\n\n\n\n<p>Liepmannstr. 6, 30453 Hannover <\/p>\n\n\n\n<p>gegen\u00fcber vom F\u00f6ssebad. <\/p>\n\n\n\n<p><a rel=\"noreferrer noopener\" href=\"https:\/\/www.judo-club-linden.de\/?page_id=1679\" target=\"_blank\">Trainingsort<\/a><\/p>\n\n\n\n<div style=\"height:18px\" aria-hidden=\"true\" class=\"wp-block-spacer\"><\/div>\n\n\n\n<p><strong>Fragen?<\/strong><\/p>\n\n\n\n<p><a href=\"https:\/\/www.judo-club-linden.de\/?page_id=2031\">Kontaktiert uns!<\/a><\/p>\n\n\n\n<div style=\"height:55px\" aria-hidden=\"true\" class=\"wp-block-spacer\"><\/div>\n\n\n\n<p class=\"has-text-align-left\"><strong>Wichtig:&nbsp;&nbsp;<\/strong>Aus versicherungstechnischen Gr\u00fcnden sollte nach dem dreimaligen Probetraining die Eintrittserkl\u00e4rung erfolgen. Der Aufnahmeantrag erfolgt online und ist im Hauptmen\u00fc unter &#8222;Mitgliedschaft&#8220; zu finden.   <\/p>\n\n\n\n<p class=\"has-text-align-left\">Die Mitgliedschaft kann nur zum 31.03., 30.06., 30.09. bzw. 31.12. eines Jahres unter Einhaltung einer Frist von sechs Wochen gek\u00fcndigt werden. Der Judo-Club Linden e.V. nimmt nur Mitglieder auf, die aus verwaltungstechnischen Gr\u00fcnden bereit sind, eine Einzugserm\u00e4chtigung f\u00fcr den Vereinsbeitrag zu unterschreiben. Wir bitten um Verst\u00e4ndnis f\u00fcr diese Ma\u00dfnahme. Da der Verwaltungsaufwand in den letzten Jahr erheblich gestiegen ist, m\u00fcssen wir alle Ma\u00dfnahmen ergreifen, um diesen Aufwand zeitgem\u00e4\u00df zu begrenzen. <\/p>\n\n\n\n<div style=\"height:37px\" aria-hidden=\"true\" class=\"wp-block-spacer\"><\/div>\n\n\n\n<p><strong>Der Vorstand des Judo-Club Linden e.V.<\/strong><\/p>\n","protected":false},"excerpt":{"rendered":"<p>Interesse geweckt? Wir bieten Euch ein dreimaliges, kostenloses Probetraining an! &nbsp; Was braucht ihr? lange Jogginghose, ein lang\u00e4rmliges Sweatshirt und Badelatschen Wann? Anf\u00e4nger zwischen 6 und 11 Jahren: donnerstags von [&hellip;]<\/p>\n","protected":false},"author":7,"featured_media":0,"parent":0,"menu_order":0,"comment_status":"closed","ping_status":"closed","template":"","meta":{"footnotes":""},"class_list":["post-98","page","type-page","status-publish","hentry"],"_links":{"self":[{"href":"https:\/\/www.judo-club-linden.de\/index.php?rest_route=\/wp\/v2\/pages\/98","targetHints":{"allow":["GET"]}}],"collection":[{"href":"https:\/\/www.judo-club-linden.de\/index.php?rest_route=\/wp\/v2\/pages"}],"about":[{"href":"https:\/\/www.judo-club-linden.de\/index.php?rest_route=\/wp\/v2\/types\/page"}],"author":[{"embeddable":true,"href":"https:\/\/www.judo-club-linden.de\/index.php?rest_route=\/wp\/v2\/users\/7"}],"replies":[{"embeddable":true,"href":"https:\/\/www.judo-club-linden.de\/index.php?rest_route=%2Fwp%2Fv2%2Fcomments&post=98"}],"version-history":[{"count":20,"href":"https:\/\/www.judo-club-linden.de\/index.php?rest_route=\/wp\/v2\/pages\/98\/revisions"}],"predecessor-version":[{"id":16619,"href":"https:\/\/www.judo-club-linden.de\/index.php?rest_route=\/wp\/v2\/pages\/98\/revisions\/16619"}],"wp:attachment":[{"href":"https:\/\/www.judo-club-linden.de\/index.php?rest_route=%2Fwp%2Fv2%2Fmedia&parent=98"}],"curies":[{"name":"wp","href":"https:\/\/api.w.org\/{rel}","templated":true}]}}