{"id":99,"date":"2018-12-22T17:26:03","date_gmt":"2018-12-22T17:26:03","guid":{"rendered":"http:\/\/wp.judo-club-linden.de\/?page_id=99"},"modified":"2022-07-18T17:43:13","modified_gmt":"2022-07-18T15:43:13","slug":"beitraege","status":"publish","type":"page","link":"https:\/\/www.judo-club-linden.de\/?page_id=99","title":{"rendered":"Mitgliedsbeitr\u00e4ge"},"content":{"rendered":"\n<h2 class=\"wp-block-heading\">Regelm\u00e4\u00dfige Beitr\u00e4ge<\/h2>\n\n\n\n<figure class=\"wp-block-table is-style-stripes\"><table><thead><tr><th><\/th><th>monatl.<\/th><th>viertelj.<\/th><th>halbj.<\/th><th>j\u00e4hrlich<\/th><\/tr><\/thead><tbody><tr><td>Kinder\/Jugendliche bis 17 Jahren <\/td><td>12,00\u20ac<\/td><td>36,00\u20ac<\/td><td>72,00\u20ac<\/td><td>144,00\u20ac<\/td><\/tr><tr><td>Erwachsene ab 18 Jahren<\/td><td>15,00\u20ac<\/td><td>45,00\u20ac<\/td><td>90,00\u20ac<\/td><td>180,00\u20ac<\/td><\/tr><tr><td>ab 3 Personen<\/td><td>27,00\u20ac<\/td><td>81,00\u20ac<\/td><td>162,00\u20ac<\/td><td>324,00\u20ac<\/td><\/tr><tr><td>ab 4 Personen<\/td><td>33,00\u20ac<\/td><td>99,00\u20ac<\/td><td>198,00\u20ac<\/td><td>396,00\u20ac<\/td><\/tr><tr><td>ab 5 Personen<\/td><td>39,00\u20ac<\/td><td>117,00\u20ac<\/td><td>234,00\u20ac<\/td><td>468,00\u20ac<\/td><\/tr><tr><td>F\u00f6rdermitglieder<\/td><td>5,00\u20ac<\/td><td>15,00\u20ac<\/td><td>30,00\u20ac<\/td><td>60,00\u20ac<\/td><\/tr><\/tbody><\/table><\/figure>\n\n\n\n<div style=\"height:20px\" aria-hidden=\"true\" class=\"wp-block-spacer\"><\/div>\n\n\n\n<h4 class=\"wp-block-heading\">Matten-\/Aufnahmegeb\u00fchr <\/h4>\n\n\n\n<p>einmalig 25,00\u20ac<\/p>\n\n\n\n<div style=\"height:20px\" aria-hidden=\"true\" class=\"wp-block-spacer\"><\/div>\n\n\n\n<h4 class=\"wp-block-heading\">Abgabe an den Landesverband<\/h4>\n\n\n\n<p>F\u00fcr jedes Mitglied der Judosparte wird zum 2. Quartal eine einmalige Geb\u00fchr in H\u00f6he von 24,00\u20ac erhoben, welche direkt an den Landesverband abgef\u00fchrt wird.<\/p>\n","protected":false},"excerpt":{"rendered":"<p>Regelm\u00e4\u00dfige Beitr\u00e4ge monatl. viertelj. halbj. j\u00e4hrlich Kinder\/Jugendliche bis 17 Jahren 12,00\u20ac 36,00\u20ac 72,00\u20ac 144,00\u20ac Erwachsene ab 18 Jahren 15,00\u20ac 45,00\u20ac 90,00\u20ac 180,00\u20ac ab 3 Personen 27,00\u20ac 81,00\u20ac 162,00\u20ac 324,00\u20ac ab [&hellip;]<\/p>\n","protected":false},"author":7,"featured_media":0,"parent":0,"menu_order":0,"comment_status":"closed","ping_status":"closed","template":"","meta":{"footnotes":""},"class_list":["post-99","page","type-page","status-publish","hentry"],"_links":{"self":[{"href":"https:\/\/www.judo-club-linden.de\/index.php?rest_route=\/wp\/v2\/pages\/99","targetHints":{"allow":["GET"]}}],"collection":[{"href":"https:\/\/www.judo-club-linden.de\/index.php?rest_route=\/wp\/v2\/pages"}],"about":[{"href":"https:\/\/www.judo-club-linden.de\/index.php?rest_route=\/wp\/v2\/types\/page"}],"author":[{"embeddable":true,"href":"https:\/\/www.judo-club-linden.de\/index.php?rest_route=\/wp\/v2\/users\/7"}],"replies":[{"embeddable":true,"href":"https:\/\/www.judo-club-linden.de\/index.php?rest_route=%2Fwp%2Fv2%2Fcomments&post=99"}],"version-history":[{"count":10,"href":"https:\/\/www.judo-club-linden.de\/index.php?rest_route=\/wp\/v2\/pages\/99\/revisions"}],"predecessor-version":[{"id":16334,"href":"https:\/\/www.judo-club-linden.de\/index.php?rest_route=\/wp\/v2\/pages\/99\/revisions\/16334"}],"wp:attachment":[{"href":"https:\/\/www.judo-club-linden.de\/index.php?rest_route=%2Fwp%2Fv2%2Fmedia&parent=99"}],"curies":[{"name":"wp","href":"https:\/\/api.w.org\/{rel}","templated":true}]}}